{"id":13,"date":"2012-01-21T15:21:17","date_gmt":"2012-01-21T15:21:17","guid":{"rendered":"http:\/\/www.lardalkantori.no\/?page_id=13"},"modified":"2024-02-09T10:57:57","modified_gmt":"2024-02-09T09:57:57","slug":"medlemmer","status":"publish","type":"page","link":"https:\/\/www.lardalkantori.no\/?page_id=13","title":{"rendered":"Medlemmer"},"content":{"rendered":"<p style=\"text-align: left;\"><strong>DIRIGENT<\/strong><\/p>\n<p style=\"text-align: left;\">Kjell H\u00e5kestad,&nbsp;kantor<\/p>\n<p><strong>ORGANIST:<\/strong><\/p>\n<p>Jacob Elias Burh\u00f6i<\/p>\n<p style=\"text-align: left;\"><strong>SOPRAN<\/strong><\/p>\n<p style=\"text-align: left;\">Anne Marie Lofstad<\/p>\n<p>Anita R\u00f8sbek<\/p>\n<p>Aurora Ringstad<\/p>\n<p>Arnhild Saga<span style=\"font-size: inherit;\">&nbsp;<\/span><\/p>\n<p><span style=\"font-size: inherit;\">Brit Skaare<\/span><\/p>\n<p style=\"text-align: left;\">Else Solberg<\/p>\n<p style=\"text-align: left;\">Iselin Ringstad<\/p>\n<p style=\"text-align: left;\">Kristin Hveem<\/p>\n<p style=\"text-align: left;\">Marit Hustuft<\/p>\n<p style=\"text-align: left;\">Mariann Eskedal<\/p>\n<p>Tone Kirstine Holtan<\/p>\n<p>Therese Ruberg<\/p>\n<p style=\"text-align: left;\">Vibeke Longva Stavdal<\/p>\n<p style=\"text-align: left;\"><strong>ALT<\/strong><\/p>\n<p style=\"text-align: left;\">Angela Eikebu<\/p>\n<p>Anja Lien Aanes<\/p>\n<p>Aud Fagerholt<\/p>\n<p>Bodil Irene Roso<\/p>\n<p>Doris Etnan<\/p>\n<p style=\"text-align: left;\">Hanne Lofstad<\/p>\n<p style=\"text-align: left;\">Hilde Lindahl Fl\u00e5ten<\/p>\n<p style=\"text-align: left;\">Lisbet W\u00e5g<\/p>\n<p style=\"text-align: left;\">Lillian Sl\u00e5tta Guttormsen<\/p>\n<p style=\"text-align: left;\">Mariann Eriksen<\/p>\n<p style=\"text-align: left;\">Ragnhild Semb<\/p>\n<p>Randi Kristin Strand<\/p>\n<p style=\"text-align: left;\">Turid \u00c5sheim<\/p>\n<p style=\"text-align: left;\">Unni Hoff<\/p>\n<p style=\"text-align: left;\"><strong>TENOR<\/strong><\/p>\n<p style=\"text-align: left;\">Bj\u00f8rn Ruberg<\/p>\n<p>Frank-Arne Aanes<\/p>\n<p style=\"text-align: left;\">Kirsten H\u00e5kestad<\/p>\n<p style=\"text-align: left;\">Lillian R\u00f8sholt G\u00e5skjenn<\/p>\n<p style=\"text-align: left;\">Steinar Sletsj\u00f8<\/p>\n<p style=\"text-align: left;\">Terje Lisether<\/p>\n<p style=\"text-align: left;\">Trond Sjulstad<\/p>\n<p style=\"text-align: left;\"><strong>BASS<\/strong><\/p>\n<p style=\"text-align: left;\">Bj\u00f8rn Lang\u00e5s<\/p>\n<p>Daniel Ringstad<\/p>\n<p style=\"text-align: left;\">John Arne Hellingsrud<\/p>\n<p>Leif Robert Persson<\/p>\n<p style=\"text-align: left;\">Per Erik Prydz<\/p>\n<p>Per Rasmus Eskedal<\/p>\n<p style=\"text-align: left;\">Roar Steen<\/p>\n<p style=\"text-align: left;\"><strong>St\u00f8ttemedlem:<\/strong><\/p>\n<p style=\"text-align: left;\">Jan Vidar Andersen<\/p>\n<p style=\"text-align: left;\">&nbsp;<\/p>\n","protected":false},"excerpt":{"rendered":"<p>DIRIGENT Kjell H\u00e5kestad,&nbsp;kantor ORGANIST: Jacob Elias Burh\u00f6i SOPRAN Anne Marie Lofstad Anita R\u00f8sbek Aurora Ringstad Arnhild Saga&nbsp; Brit Skaare Else Solberg Iselin Ringstad Kristin Hveem Marit Hustuft Mariann Eskedal Tone Kirstine Holtan Therese Ruberg Vibeke Longva Stavdal ALT Angela Eikebu &hellip; <a href=\"https:\/\/www.lardalkantori.no\/?page_id=13\">Les videre <span class=\"meta-nav\">&rarr;<\/span><\/a><\/p>\n","protected":false},"author":1,"featured_media":0,"parent":0,"menu_order":0,"comment_status":"closed","ping_status":"open","template":"sidebar-page.php","meta":{"ngg_post_thumbnail":0,"jetpack_post_was_ever_published":false,"_mc_calendar":[],"footnotes":""},"class_list":["post-13","page","type-page","status-publish","hentry"],"jetpack_sharing_enabled":true,"jetpack_shortlink":"https:\/\/wp.me\/P2bACI-d","jetpack-related-posts":[],"_links":{"self":[{"href":"https:\/\/www.lardalkantori.no\/index.php?rest_route=\/wp\/v2\/pages\/13","targetHints":{"allow":["GET"]}}],"collection":[{"href":"https:\/\/www.lardalkantori.no\/index.php?rest_route=\/wp\/v2\/pages"}],"about":[{"href":"https:\/\/www.lardalkantori.no\/index.php?rest_route=\/wp\/v2\/types\/page"}],"author":[{"embeddable":true,"href":"https:\/\/www.lardalkantori.no\/index.php?rest_route=\/wp\/v2\/users\/1"}],"replies":[{"embeddable":true,"href":"https:\/\/www.lardalkantori.no\/index.php?rest_route=%2Fwp%2Fv2%2Fcomments&post=13"}],"version-history":[{"count":20,"href":"https:\/\/www.lardalkantori.no\/index.php?rest_route=\/wp\/v2\/pages\/13\/revisions"}],"predecessor-version":[{"id":2406,"href":"https:\/\/www.lardalkantori.no\/index.php?rest_route=\/wp\/v2\/pages\/13\/revisions\/2406"}],"wp:attachment":[{"href":"https:\/\/www.lardalkantori.no\/index.php?rest_route=%2Fwp%2Fv2%2Fmedia&parent=13"}],"curies":[{"name":"wp","href":"https:\/\/api.w.org\/{rel}","templated":true}]}}