{"id":49,"date":"2012-01-21T21:22:24","date_gmt":"2012-01-21T20:22:24","guid":{"rendered":"http:\/\/www.lardalkantori.no\/?page_id=49"},"modified":"2012-01-29T08:53:39","modified_gmt":"2012-01-29T07:53:39","slug":"kontakt-oss","status":"publish","type":"page","link":"https:\/\/www.lardalkantori.no\/?page_id=49","title":{"rendered":"Kontakt oss"},"content":{"rendered":"<p>Har du sp\u00f8rsm\u00e5l til oss, ta kontakt med:<\/p>\n<p>Dirigent Kjell H\u00e5kestad: kjell@hakestad.no<br \/>\nmobil: 988 51 800<\/p>\n","protected":false},"excerpt":{"rendered":"<p>Har du sp\u00f8rsm\u00e5l til oss, ta kontakt med: Dirigent Kjell H\u00e5kestad: kjell@hakestad.no mobil: 988 51 800<\/p>\n","protected":false},"author":1,"featured_media":0,"parent":0,"menu_order":0,"comment_status":"closed","ping_status":"open","template":"sidebar-page.php","meta":{"ngg_post_thumbnail":0,"jetpack_post_was_ever_published":false,"_mc_calendar":[],"footnotes":""},"class_list":["post-49","page","type-page","status-publish","hentry"],"jetpack_sharing_enabled":true,"jetpack_shortlink":"https:\/\/wp.me\/P2bACI-N","jetpack-related-posts":[],"_links":{"self":[{"href":"https:\/\/www.lardalkantori.no\/index.php?rest_route=\/wp\/v2\/pages\/49","targetHints":{"allow":["GET"]}}],"collection":[{"href":"https:\/\/www.lardalkantori.no\/index.php?rest_route=\/wp\/v2\/pages"}],"about":[{"href":"https:\/\/www.lardalkantori.no\/index.php?rest_route=\/wp\/v2\/types\/page"}],"author":[{"embeddable":true,"href":"https:\/\/www.lardalkantori.no\/index.php?rest_route=\/wp\/v2\/users\/1"}],"replies":[{"embeddable":true,"href":"https:\/\/www.lardalkantori.no\/index.php?rest_route=%2Fwp%2Fv2%2Fcomments&post=49"}],"version-history":[{"count":0,"href":"https:\/\/www.lardalkantori.no\/index.php?rest_route=\/wp\/v2\/pages\/49\/revisions"}],"wp:attachment":[{"href":"https:\/\/www.lardalkantori.no\/index.php?rest_route=%2Fwp%2Fv2%2Fmedia&parent=49"}],"curies":[{"name":"wp","href":"https:\/\/api.w.org\/{rel}","templated":true}]}}