{"id":55,"date":"2012-01-22T18:20:32","date_gmt":"2012-01-22T17:20:32","guid":{"rendered":"http:\/\/www.lardalkantori.no\/?page_id=55"},"modified":"2017-10-13T13:42:44","modified_gmt":"2017-10-13T11:42:44","slug":"repertoar","status":"publish","type":"page","link":"https:\/\/www.lardalkantori.no\/?page_id=55","title":{"rendered":"Repertoar"},"content":{"rendered":"<p><strong>REPERTOAR H\u00d8STSEMESTER OG JULEN 2017<\/strong><\/p>\n<p><span style=\"color: #808080;\"><strong>JULESANGER 2017<\/strong><\/span><\/p>\n<ul>\n<li class=\"p1\">Nordnorsk julesalme &#8211;\u00a0<em>m\/diskant<\/em><\/li>\n<li class=\"p1\">We wish you a merry christmas<\/li>\n<li class=\"p1\">V\u00e4lkommen du h\u00e4rliga juletid<\/li>\n<li class=\"p1\">N\u00e5 tennes tusen julelys &#8211;<em> kvartett<\/em><\/li>\n<li class=\"p1\">Det hev ei rose sprunge &#8211; <em>kvartett<\/em><\/li>\n<li class=\"p1\">This child will be your light<\/li>\n<li class=\"p1\">Christmas is for everyone<\/li>\n<li class=\"p1\">O jul med din glede<\/li>\n<li class=\"p1\">Gled deg du jord \/ Joy to the world<\/li>\n<li class=\"p1\">Et barn er f\u00f8dt i Betlehem &#8211;<em> kvartett<\/em><\/li>\n<li class=\"p1\">O helga natt<\/li>\n<li class=\"p1\">Julenatt Solist<\/li>\n<li class=\"p1\">Jeg er s\u00e5 glad hver julekveld &#8211;\u00a0<em>m\/panfl\u00f8ytesolo<\/em><\/li>\n<li class=\"p1\">Det kimer n\u00e5 til julefest &#8211; <em>kvartett<\/em><\/li>\n<li class=\"p1\">Silent night &#8211;<em>damekvartett<\/em><\/li>\n<li class=\"p1\">This enders night<\/li>\n<li class=\"p1\">Deilig er jorden &#8211;\u00a0<em>m\/diskanter og panfl\u00f8yte<\/em><\/li>\n<li class=\"p1\">Hallelujakoret<\/li>\n<\/ul>\n<hr \/>\n<p><strong><em>Norske viser og sanger<\/em><\/strong><\/p>\n<p><strong>REPERTOAR V\u00c5REN 2017<\/strong><\/p>\n<p><span style=\"color: #808080;\"><strong><em>Norske viser og sanger<\/em><\/strong><\/span><\/p>\n<ul>\n<li><strong>Sommernatt ved fjorden, <\/strong>er<strong>\u00a0<\/strong>skrevet av forfatter og komponist\u00a0<a title=\"Ketil Bj\u00f8rnstad\" href=\"https:\/\/no.wikipedia.org\/wiki\/Ketil_Bj%C3%B8rnstad\">Ketil Bj\u00f8rnstad<\/a>. Sangen\u00a0handler om\u00a0<a title=\"Hans J\u00e6ger\" href=\"https:\/\/no.wikipedia.org\/wiki\/Hans_J%C3%A6ger\">Hans J\u00e6ger<\/a>\u00a0og\u00a0<a class=\"mw-redirect\" title=\"Oda Lasson\" href=\"https:\/\/no.wikipedia.org\/wiki\/Oda_Lasson\">Oda Lasson<\/a>\u00a0som sitter i en pram ute p\u00e5 fjorden en sommernatt. Det er s\u00f8steren til Oda som betrakter paret ute p\u00e5 fjorden fra sitt vindu ved feriehuset p\u00e5 Hvitsten og sangen handler om det hun ser ute p\u00e5 fjorden. Ketil Bj\u00f8rnstad\u00a0skrev\u00a0<i>Sommernatt ved fjorden<\/i>\u00a0i huset sitt ved Hagefjorden,\u00a0ved Sand\u00f8ya\u00a0utenfor Tvedestrand\u00a0tidlig p\u00e5 v\u00e5ren 1978.<em> Kilde: Wikipedia. <\/em>Kjell H\u00e5kestad har arrangert sangen for flerstemt kor januar 2017.<br \/>\n<img data-recalc-dims=\"1\" loading=\"lazy\" decoding=\"async\" data-attachment-id=\"1516\" data-permalink=\"https:\/\/www.lardalkantori.no\/?attachment_id=1516\" data-orig-file=\"https:\/\/i0.wp.com\/www.lardalkantori.no\/wp-content\/uploads\/2012\/01\/5708574-erindringens-maler.jpg?fit=620%2C356&amp;ssl=1\" data-orig-size=\"620,356\" data-comments-opened=\"1\" data-image-meta=\"{&quot;aperture&quot;:&quot;0&quot;,&quot;credit&quot;:&quot;&quot;,&quot;camera&quot;:&quot;&quot;,&quot;caption&quot;:&quot;&quot;,&quot;created_timestamp&quot;:&quot;0&quot;,&quot;copyright&quot;:&quot;&quot;,&quot;focal_length&quot;:&quot;0&quot;,&quot;iso&quot;:&quot;0&quot;,&quot;shutter_speed&quot;:&quot;0&quot;,&quot;title&quot;:&quot;&quot;,&quot;orientation&quot;:&quot;0&quot;}\" data-image-title=\"5708574-erindringens-maler\" data-image-description=\"\" data-image-caption=\"\" data-medium-file=\"https:\/\/i0.wp.com\/www.lardalkantori.no\/wp-content\/uploads\/2012\/01\/5708574-erindringens-maler.jpg?fit=300%2C172&amp;ssl=1\" data-large-file=\"https:\/\/i0.wp.com\/www.lardalkantori.no\/wp-content\/uploads\/2012\/01\/5708574-erindringens-maler.jpg?fit=584%2C335&amp;ssl=1\" class=\"aligncenter size-full wp-image-1516\" src=\"https:\/\/i0.wp.com\/www.lardalkantori.no\/wp-content\/uploads\/2012\/01\/5708574-erindringens-maler.jpg?resize=584%2C335\" alt=\"5708574-erindringens-maler\" width=\"584\" height=\"335\" srcset=\"https:\/\/i0.wp.com\/www.lardalkantori.no\/wp-content\/uploads\/2012\/01\/5708574-erindringens-maler.jpg?w=620&amp;ssl=1 620w, https:\/\/i0.wp.com\/www.lardalkantori.no\/wp-content\/uploads\/2012\/01\/5708574-erindringens-maler.jpg?resize=300%2C172&amp;ssl=1 300w, https:\/\/i0.wp.com\/www.lardalkantori.no\/wp-content\/uploads\/2012\/01\/5708574-erindringens-maler.jpg?resize=500%2C287&amp;ssl=1 500w\" sizes=\"auto, (max-width: 584px) 100vw, 584px\" \/><\/li>\n<li><strong>Urmageren fra Tvedestrand. <\/strong>Tekst: Leif Amble-N\u00e6ss Melodi: Trad. Dette er en vise som tar for seg den morsomme historien om en tyv som tok seg til rette i s\u00f8rlandsbyen Tvedestrand. Einar Rose framf\u00f8rte visa p\u00e5 s\u00f8rlandsdialekt i Chat Noirs h\u00f8strevy i 1930 og p\u00e5 turn\u00e9 i 1931.<em><em><em> Kilde: lokalhistoriewiki.no<br \/>\n<\/em><\/em><\/em><\/li>\n<li><strong>En bagatellmessig vise om det \u00e5 v\u00e6re million\u00e6r, <\/strong>tekst og melodi Jens Gunderssen f\u00f8dt 1912 i Drammen. Gunderssen var utdannet jurist og arbeidet blant annet som skuespiller, instrukt\u00f8r og teatersjef og en meget anerkjent vise-komponist.\u00a0<em>Kilde: Wikipedia.<\/em> Kjell H\u00e5kestad\u00a0har arrangert sangen for flerstemt kor januar 2017.<\/li>\n<li><strong>Den nye dressen. <\/strong>Tekst Rudolf Nilsen som tok for mye av livet p\u00e5 \u00d8stkanten i Oslo. Melodi Jens Gunderssen.\u00a0Kjell H\u00e5kestad\u00a0har arrangert sangen for flerstemt kor januar 2017.<\/li>\n<\/ul>\n<p><strong>En mann og hans pus. <\/strong>Tekst Andr\u00e9 Bjerke, melodi K\u00e5re Siem. Visen er hentet fra en diktsamling som heter &laquo;Med hest og flagrende kappe&raquo; der alle diktene er tonesatt av pianisten K\u00e5re Siem. Kjell\u00a0H\u00e5kestad<strong>\u00a0<\/strong>har arrangert sangen for flerstemt kor januar 2017<\/p>\n<hr \/>\n<p>&nbsp;<\/p>\n<h2><strong><span style=\"color: #808080;\"><em>Internasjonale sakrale og sekul\u00e6re\u00a0korverk 2017<\/em><\/span><br \/>\n<\/strong><\/h2>\n<ul>\n<li><strong>Zadok The Priest.<\/strong> Komponert av Georg Fredrich H\u00e4ndel. \u00a0Zadok the Priest ble f\u00f8rst brukt under kroningen av\u00a0<a title=\"Georg II av Storbritannia\" href=\"https:\/\/no.wikipedia.org\/wiki\/Georg_II_av_Storbritannia\">Georg II av Storbritannia<\/a>\u00a0i 1724\u00a0og har blitt brukt p\u00e5 hver eneste kroning av den britiske monarken siden den gang. Tradisjonen er at den framf\u00f8res under monarkens salvelse.<em><em><em> Kilde: Wikipedia<\/em><\/em><\/em><img data-recalc-dims=\"1\" loading=\"lazy\" decoding=\"async\" data-attachment-id=\"1520\" data-permalink=\"https:\/\/www.lardalkantori.no\/?attachment_id=1520\" data-orig-file=\"https:\/\/i0.wp.com\/www.lardalkantori.no\/wp-content\/uploads\/2012\/01\/Kroning-av-dronning.jpg?fit=1970%2C1417&amp;ssl=1\" data-orig-size=\"1970,1417\" data-comments-opened=\"1\" data-image-meta=\"{&quot;aperture&quot;:&quot;0&quot;,&quot;credit&quot;:&quot;&quot;,&quot;camera&quot;:&quot;&quot;,&quot;caption&quot;:&quot;&quot;,&quot;created_timestamp&quot;:&quot;0&quot;,&quot;copyright&quot;:&quot;&quot;,&quot;focal_length&quot;:&quot;0&quot;,&quot;iso&quot;:&quot;0&quot;,&quot;shutter_speed&quot;:&quot;0&quot;,&quot;title&quot;:&quot;&quot;,&quot;orientation&quot;:&quot;1&quot;}\" data-image-title=\"Kroning av dronning\" data-image-description=\"\" data-image-caption=\"\" data-medium-file=\"https:\/\/i0.wp.com\/www.lardalkantori.no\/wp-content\/uploads\/2012\/01\/Kroning-av-dronning.jpg?fit=300%2C216&amp;ssl=1\" data-large-file=\"https:\/\/i0.wp.com\/www.lardalkantori.no\/wp-content\/uploads\/2012\/01\/Kroning-av-dronning.jpg?fit=584%2C420&amp;ssl=1\" class=\"aligncenter size-full wp-image-1520\" src=\"https:\/\/i0.wp.com\/www.lardalkantori.no\/wp-content\/uploads\/2012\/01\/Kroning-av-dronning.jpg?resize=584%2C420\" alt=\"Kroning av dronning\" width=\"584\" height=\"420\" srcset=\"https:\/\/i0.wp.com\/www.lardalkantori.no\/wp-content\/uploads\/2012\/01\/Kroning-av-dronning.jpg?w=1970&amp;ssl=1 1970w, https:\/\/i0.wp.com\/www.lardalkantori.no\/wp-content\/uploads\/2012\/01\/Kroning-av-dronning.jpg?resize=300%2C216&amp;ssl=1 300w, https:\/\/i0.wp.com\/www.lardalkantori.no\/wp-content\/uploads\/2012\/01\/Kroning-av-dronning.jpg?resize=768%2C552&amp;ssl=1 768w, https:\/\/i0.wp.com\/www.lardalkantori.no\/wp-content\/uploads\/2012\/01\/Kroning-av-dronning.jpg?resize=1024%2C737&amp;ssl=1 1024w, https:\/\/i0.wp.com\/www.lardalkantori.no\/wp-content\/uploads\/2012\/01\/Kroning-av-dronning.jpg?resize=417%2C300&amp;ssl=1 417w, https:\/\/i0.wp.com\/www.lardalkantori.no\/wp-content\/uploads\/2012\/01\/Kroning-av-dronning.jpg?w=1168&amp;ssl=1 1168w, https:\/\/i0.wp.com\/www.lardalkantori.no\/wp-content\/uploads\/2012\/01\/Kroning-av-dronning.jpg?w=1752&amp;ssl=1 1752w\" sizes=\"auto, (max-width: 584px) 100vw, 584px\" \/><\/li>\n<li><strong>The Lord bless you and keep you.<\/strong> Komponist er John Rutter. Teksten er fra den bibelske\/Aronittiske velsignelsen (4. Mosebok kapittel 6: 24-26) etterfulgt av et omfattende &laquo;Amen&raquo;. Rutter komponerte\u00a0stykket i 1981 til minnestunden for Edward T. Chapman, musikals leder\u00a0for Highgate School i London, der Rutter hadde studert. \u00a0Dette har blitt John Rutters mest kjente korverk.\u00a0<em>Kilde: Wikipedia.\u00a0<\/em>Lardal kantori ble introdusert for dette vakre stykket under et venne-visitt til <strong>S\u00f8m Kirkekor<\/strong> mars 2014.<\/li>\n<li><strong>Hodie Christus natus est. <\/strong>Er\u00a0en<strong>\u00a0<\/strong>motett\u00a0for \u00e5tte stemmer skrevet av den\u00a0italienske komponisten og organisten, Giovanni Pierluigi da Palestrina (f\u00f8dt 1526\u00a0i Palestrina n\u00e6r Roma). En motett er<em>\u00a0<\/em>en komposisjon for kor, som regel basert p\u00e5 en kort bibeltekst, ofte synges den a cappella. Palestrina\u00a0skrev hovedsakelig sakral musikk og vurderes s\u00e6rlig h\u00f8yt for sine messer og\u00a0regnes som en av renessansens\u00a0st\u00f8rste komponister. En egen musikalsk stil er oppkalt etter han, Palestrinastilen.\u00a0<em>Kilde: Wikipedia.<br \/>\n<\/em><\/li>\n<li><strong>Sictus cervus, <\/strong>motett<strong>\u00a0<\/strong>av\u00a0Giovanni Pierluigi da Palestrina. Sictus cervus \u00a0er kjent som en av de store musikalske sakrale mesterverk og et eksempel p\u00e5 fremragende renessansekunst.<\/li>\n<\/ul>\n<p><img data-recalc-dims=\"1\" loading=\"lazy\" decoding=\"async\" data-attachment-id=\"1514\" data-permalink=\"https:\/\/www.lardalkantori.no\/?attachment_id=1514\" data-orig-file=\"https:\/\/i0.wp.com\/www.lardalkantori.no\/wp-content\/uploads\/2012\/01\/Giovanni-Pierluigi-da-Palestrina-1525-1.jpg?fit=1970%2C1080&amp;ssl=1\" data-orig-size=\"1970,1080\" data-comments-opened=\"1\" data-image-meta=\"{&quot;aperture&quot;:&quot;0&quot;,&quot;credit&quot;:&quot;&quot;,&quot;camera&quot;:&quot;&quot;,&quot;caption&quot;:&quot;&quot;,&quot;created_timestamp&quot;:&quot;0&quot;,&quot;copyright&quot;:&quot;&quot;,&quot;focal_length&quot;:&quot;0&quot;,&quot;iso&quot;:&quot;0&quot;,&quot;shutter_speed&quot;:&quot;0&quot;,&quot;title&quot;:&quot;&quot;,&quot;orientation&quot;:&quot;1&quot;}\" data-image-title=\"Giovanni Pierluigi da Palestrina (1525)\" data-image-description=\"\" data-image-caption=\"\" data-medium-file=\"https:\/\/i0.wp.com\/www.lardalkantori.no\/wp-content\/uploads\/2012\/01\/Giovanni-Pierluigi-da-Palestrina-1525-1.jpg?fit=300%2C164&amp;ssl=1\" data-large-file=\"https:\/\/i0.wp.com\/www.lardalkantori.no\/wp-content\/uploads\/2012\/01\/Giovanni-Pierluigi-da-Palestrina-1525-1.jpg?fit=584%2C320&amp;ssl=1\" class=\"aligncenter size-full wp-image-1514\" src=\"https:\/\/i0.wp.com\/www.lardalkantori.no\/wp-content\/uploads\/2012\/01\/Giovanni-Pierluigi-da-Palestrina-1525-1.jpg?resize=584%2C320\" alt=\"Giovanni Pierluigi da Palestrina (1525)\" width=\"584\" height=\"320\" srcset=\"https:\/\/i0.wp.com\/www.lardalkantori.no\/wp-content\/uploads\/2012\/01\/Giovanni-Pierluigi-da-Palestrina-1525-1.jpg?w=1970&amp;ssl=1 1970w, https:\/\/i0.wp.com\/www.lardalkantori.no\/wp-content\/uploads\/2012\/01\/Giovanni-Pierluigi-da-Palestrina-1525-1.jpg?resize=300%2C164&amp;ssl=1 300w, https:\/\/i0.wp.com\/www.lardalkantori.no\/wp-content\/uploads\/2012\/01\/Giovanni-Pierluigi-da-Palestrina-1525-1.jpg?resize=768%2C421&amp;ssl=1 768w, https:\/\/i0.wp.com\/www.lardalkantori.no\/wp-content\/uploads\/2012\/01\/Giovanni-Pierluigi-da-Palestrina-1525-1.jpg?resize=1024%2C561&amp;ssl=1 1024w, https:\/\/i0.wp.com\/www.lardalkantori.no\/wp-content\/uploads\/2012\/01\/Giovanni-Pierluigi-da-Palestrina-1525-1.jpg?resize=500%2C274&amp;ssl=1 500w, https:\/\/i0.wp.com\/www.lardalkantori.no\/wp-content\/uploads\/2012\/01\/Giovanni-Pierluigi-da-Palestrina-1525-1.jpg?w=1168&amp;ssl=1 1168w, https:\/\/i0.wp.com\/www.lardalkantori.no\/wp-content\/uploads\/2012\/01\/Giovanni-Pierluigi-da-Palestrina-1525-1.jpg?w=1752&amp;ssl=1 1752w\" sizes=\"auto, (max-width: 584px) 100vw, 584px\" \/><\/p>\n<ul>\n<li><strong><strong>Locus iste<\/strong><\/strong> av komponisten Anton<a title=\"Anton Bruckner\" href=\"https:\/\/en.wikipedia.org\/wiki\/Anton_Bruckner\">\u00a0<\/a>Bruckner f\u00f8dt i \u00d8sterrike 1824. Locus iste er latinsk og betyr &laquo;Dette stedet er skapt av Gud&raquo;. Verket ble komponert for innvielsen av den nye katedralen Votivkapelle i Linz. <em>Kilde: Wikipedia<\/em><\/li>\n<li><strong>Deep River<\/strong>, afroamerikansk negro spiritual fra ca 1876, ukjent komponist. Negro spirituasl er religi\u00f8se sanger skapt og sunget av de svarte i USA\u00a0i slavetiden og senere. Tekstene bygger p\u00e5 bibelske motiver, is\u00e6r fra j\u00f8defolkets lidelser slik de skildres i\u00a0<a class=\"crossref\" href=\"https:\/\/snl.no\/Det_gamle_testamente\">Det gamle testamente<\/a>. Noen tekster har dobbel bunn; de dreier seg ikke bare om det kristne h\u00e5p, men like mye h\u00e5pet om \u00e5 unnslippe slaveri og ufrihet i dette livet. <em><em>Kilde: Store Norske Leksikon.<\/em><\/em><\/li>\n<li><b>Geographical Fugue <\/b>er et verk for fire stemt talekor skrevet av Ernst Toch som var en prominent komponist i 1920 \u00e5renes Berlin og ble\u00a0en sensasjon n\u00e5r det f\u00f8rste gang ble fremf\u00f8rt i juni 1930. Stykket ble f\u00f8rst skrevet p\u00e5 tysk men ble oversatt til engelsk i regi av John Cage og Henry Cowell. Alle delene best\u00e5r av ulike permutasjoner av f\u00f8lgende ord og linjer:\n<p id=\"tw-target-text\" class=\"tw-data-text tw-ta tw-text-small\" dir=\"ltr\" data-placeholder=\"Oversettelse\"><em>Trinidad!<\/em><br \/>\n<em> And the big Mississippi<\/em><br \/>\n<em> and the town Honolulu<\/em><br \/>\n<em> and the lake Titicaca,<\/em><br \/>\n<em> the Popocatepetl is not in Canada,<\/em><br \/>\n<em> rather in Mexico, Mexico, Mexico!<\/em><br \/>\n<em> Canada, M\u00e1laga, Rimini, Brindisi<\/em><br \/>\n<em> Canada, M\u00e1laga, Rimini, Brindisi<\/em><br \/>\n<em> Yes, Tibet, Tibet, Tibet, Tibet,<\/em><br \/>\n<em> Nagasaki! Yokohama!<\/em><br \/>\n<em> Nagasaki! Yokohama!<\/em><\/p>\n<p><strong>Lardal kantori<\/strong> har \u00f8vd stykkevis og delt p\u00e5 dette talekoret over flere \u00e5r, og vi kommer vel snart i m\u00e5l! Vi urfremf\u00f8rte det under 15 \u00e5rs konserten v\u00e5r i Svarstad kirke 11. desember 2016.<\/li>\n<\/ul>\n<hr \/>\n<p><span style=\"color: #808080;\"><strong><em><br \/>\nRepertoar under bispevisitas 26. mars 2017<\/em><\/strong><\/span><\/p>\n<ul>\n<li><strong>Marias lovsang<\/strong><\/li>\n<li><strong>\u00c5 skj\u00f8nneste rose<\/strong><\/li>\n<li><strong>Bibelsk salme<\/strong><\/li>\n<li><strong>Hallelujakoret, <\/strong>er\u00a0et oratorium<strong>\u00a0<\/strong>fra Messias\u00a0av Georg Friedrich H\u00e4ndel. \u00a0Hallelujakoret er verkets mest kjent og\u00a0avslutter annen del. Teksten best\u00e5r av tre passasjer i Johannes&#8217; \u00e5penbaring. Det er en tradisjonen i mange land, spesielt England, at publikum\u00a0reise seg\u00a0n\u00e5r Hallelujakoret blir fremf\u00f8rt.<br \/>\n<strong><br \/>\n<\/strong><img data-recalc-dims=\"1\" loading=\"lazy\" decoding=\"async\" data-attachment-id=\"1522\" data-permalink=\"https:\/\/www.lardalkantori.no\/?attachment_id=1522\" data-orig-file=\"https:\/\/i0.wp.com\/www.lardalkantori.no\/wp-content\/uploads\/2012\/01\/Handel.jpg?fit=1440%2C810&amp;ssl=1\" data-orig-size=\"1440,810\" data-comments-opened=\"1\" data-image-meta=\"{&quot;aperture&quot;:&quot;0&quot;,&quot;credit&quot;:&quot;&quot;,&quot;camera&quot;:&quot;&quot;,&quot;caption&quot;:&quot;&quot;,&quot;created_timestamp&quot;:&quot;0&quot;,&quot;copyright&quot;:&quot;&quot;,&quot;focal_length&quot;:&quot;0&quot;,&quot;iso&quot;:&quot;0&quot;,&quot;shutter_speed&quot;:&quot;0&quot;,&quot;title&quot;:&quot;&quot;,&quot;orientation&quot;:&quot;1&quot;}\" data-image-title=\"Handel\" data-image-description=\"\" data-image-caption=\"\" data-medium-file=\"https:\/\/i0.wp.com\/www.lardalkantori.no\/wp-content\/uploads\/2012\/01\/Handel.jpg?fit=300%2C169&amp;ssl=1\" data-large-file=\"https:\/\/i0.wp.com\/www.lardalkantori.no\/wp-content\/uploads\/2012\/01\/Handel.jpg?fit=584%2C329&amp;ssl=1\" class=\"aligncenter size-full wp-image-1522\" src=\"https:\/\/i0.wp.com\/www.lardalkantori.no\/wp-content\/uploads\/2012\/01\/Handel.jpg?resize=584%2C329\" alt=\"Handel\" width=\"584\" height=\"329\" srcset=\"https:\/\/i0.wp.com\/www.lardalkantori.no\/wp-content\/uploads\/2012\/01\/Handel.jpg?w=1440&amp;ssl=1 1440w, https:\/\/i0.wp.com\/www.lardalkantori.no\/wp-content\/uploads\/2012\/01\/Handel.jpg?resize=300%2C169&amp;ssl=1 300w, https:\/\/i0.wp.com\/www.lardalkantori.no\/wp-content\/uploads\/2012\/01\/Handel.jpg?resize=768%2C432&amp;ssl=1 768w, https:\/\/i0.wp.com\/www.lardalkantori.no\/wp-content\/uploads\/2012\/01\/Handel.jpg?resize=1024%2C576&amp;ssl=1 1024w, https:\/\/i0.wp.com\/www.lardalkantori.no\/wp-content\/uploads\/2012\/01\/Handel.jpg?resize=500%2C281&amp;ssl=1 500w, https:\/\/i0.wp.com\/www.lardalkantori.no\/wp-content\/uploads\/2012\/01\/Handel.jpg?w=1168&amp;ssl=1 1168w\" sizes=\"auto, (max-width: 584px) 100vw, 584px\" \/><\/li>\n<\/ul>\n","protected":false},"excerpt":{"rendered":"<p>REPERTOAR H\u00d8STSEMESTER OG JULEN 2017 JULESANGER 2017 Nordnorsk julesalme &#8211;\u00a0m\/diskant We wish you a merry christmas V\u00e4lkommen du h\u00e4rliga juletid N\u00e5 tennes tusen julelys &#8211; kvartett Det hev ei rose sprunge &#8211; kvartett This child will be your light Christmas &hellip; <a href=\"https:\/\/www.lardalkantori.no\/?page_id=55\">Les videre <span class=\"meta-nav\">&rarr;<\/span><\/a><\/p>\n","protected":false},"author":1,"featured_media":0,"parent":0,"menu_order":0,"comment_status":"closed","ping_status":"open","template":"sidebar-page.php","meta":{"ngg_post_thumbnail":0,"jetpack_post_was_ever_published":false,"_mc_calendar":[],"footnotes":""},"class_list":["post-55","page","type-page","status-publish","hentry"],"jetpack_sharing_enabled":true,"jetpack_shortlink":"https:\/\/wp.me\/P2bACI-T","jetpack-related-posts":[],"_links":{"self":[{"href":"https:\/\/www.lardalkantori.no\/index.php?rest_route=\/wp\/v2\/pages\/55","targetHints":{"allow":["GET"]}}],"collection":[{"href":"https:\/\/www.lardalkantori.no\/index.php?rest_route=\/wp\/v2\/pages"}],"about":[{"href":"https:\/\/www.lardalkantori.no\/index.php?rest_route=\/wp\/v2\/types\/page"}],"author":[{"embeddable":true,"href":"https:\/\/www.lardalkantori.no\/index.php?rest_route=\/wp\/v2\/users\/1"}],"replies":[{"embeddable":true,"href":"https:\/\/www.lardalkantori.no\/index.php?rest_route=%2Fwp%2Fv2%2Fcomments&post=55"}],"version-history":[{"count":0,"href":"https:\/\/www.lardalkantori.no\/index.php?rest_route=\/wp\/v2\/pages\/55\/revisions"}],"wp:attachment":[{"href":"https:\/\/www.lardalkantori.no\/index.php?rest_route=%2Fwp%2Fv2%2Fmedia&parent=55"}],"curies":[{"name":"wp","href":"https:\/\/api.w.org\/{rel}","templated":true}]}}