{"id":88,"date":"2012-01-22T20:14:18","date_gmt":"2012-01-22T19:14:18","guid":{"rendered":"http:\/\/www.lardalkantori.no\/?page_id=88"},"modified":"2022-04-08T11:02:15","modified_gmt":"2022-04-08T09:02:15","slug":"forside","status":"publish","type":"page","link":"https:\/\/www.lardalkantori.no\/?page_id=88","title":{"rendered":"LARDAL KANTORI &#8211; et blandet kor for alle"},"content":{"rendered":"<p>LARDAL KANTORI ble etablert i okt. 2001. Vi er et blandet kor p\u00e5 39 medlemmer og har fortsatt god plass til b\u00e5de kvinner og menn i alle aldre. Koret \u00f8ver hver torsdag kveld i den stemningsfulle Klokkerg\u00e5rden som ligger p\u00e5 en h\u00f8yde i vakre L\u00e5gendalen.<\/p>\n<p>Fra vi debuterte i Kroken kapell i nov. 2001, har vi sunget alt fra norske folketoner til H\u00e4ndels Messias og Saint-S\u00e4ens Juleoratorium og konsert sammen med Lardal musikkorps med Beatles-repertoar, sanger fra musikaler og mye annet g\u00f8y.<\/p>\n<p>Korets medlemmer har en variert bakgrunn innen musikk og korsang og vi har ingen spesielle opptakskriterier. Alle er velkommen til \u00e5 delta! Aktivitetsniv\u00e5et varierer og aktiviteten burde v\u00e6re overkommelig for de aller fleste.<\/p>\n<p>Siden 2003 har vi \u00e5rlig blitt invitert til \u00e5 \u00e5pne julemarkedet i byen Great Yarmouth ved kysten i England og sunget oss varme p\u00e5 norske julesanger i den enorme St. Nicholas Minster. De siste \u00e5rene har vi ogs\u00e5 holdt konsert i den vakre kirken i Bergh Apton etter \u201cAfternoon tea\u201d i private hjem. Englandsturen er en unik og inspirerende opplevelse som har hatt stor betydning for hva LARDAL KANTORI er i dag.<\/p>\n<p><iframe loading=\"lazy\" title=\"Lardal Kantori, Conserts in England , Great Yarmouth, Bergh Apton. November 2014\" src=\"https:\/\/player.vimeo.com\/video\/113170409?dnt=1&amp;app_id=122963\" width=\"584\" height=\"329\" frameborder=\"0\" allow=\"autoplay; fullscreen; picture-in-picture; clipboard-write; encrypted-media\"><\/iframe><\/p>\n<p>Annethvert \u00e5r arrangerer vi korseminar med korguruen Per Oddvar Hildre (Prots). Hildeseminaret er en skikkelig vitamininnspr\u00f8yting, veldig l\u00e6rerikt og med masse sangteknikk.<\/p>\n<p><strong>Lardal Kantori \u00f8ver i Klokkerg\u00e5rden i Svarstad, torsdager kl. 18.30-21.00. Sang er en hobby som gir livsglede og livskvalitet &#8211; det viser forskning. \u00c5 synge gir ogs\u00e5 bedre helse, \u00f8kt energi og et lysere sinn. V\u00e6r velkommen!<\/strong><\/p>\n","protected":false},"excerpt":{"rendered":"<p>LARDAL KANTORI ble etablert i okt. 2001. Vi er et blandet kor p\u00e5 39 medlemmer og har fortsatt god plass til b\u00e5de kvinner og menn i alle aldre. Koret \u00f8ver hver torsdag kveld i den stemningsfulle Klokkerg\u00e5rden som ligger p\u00e5 &hellip; <a href=\"https:\/\/www.lardalkantori.no\/?page_id=88\">Les videre <span class=\"meta-nav\">&rarr;<\/span><\/a><\/p>\n","protected":false},"author":1,"featured_media":0,"parent":0,"menu_order":0,"comment_status":"closed","ping_status":"open","template":"sidebar-page.php","meta":{"ngg_post_thumbnail":0,"jetpack_post_was_ever_published":false,"_mc_calendar":[],"footnotes":""},"class_list":["post-88","page","type-page","status-publish","hentry"],"jetpack_sharing_enabled":true,"jetpack_shortlink":"https:\/\/wp.me\/P2bACI-1q","jetpack-related-posts":[],"_links":{"self":[{"href":"https:\/\/www.lardalkantori.no\/index.php?rest_route=\/wp\/v2\/pages\/88","targetHints":{"allow":["GET"]}}],"collection":[{"href":"https:\/\/www.lardalkantori.no\/index.php?rest_route=\/wp\/v2\/pages"}],"about":[{"href":"https:\/\/www.lardalkantori.no\/index.php?rest_route=\/wp\/v2\/types\/page"}],"author":[{"embeddable":true,"href":"https:\/\/www.lardalkantori.no\/index.php?rest_route=\/wp\/v2\/users\/1"}],"replies":[{"embeddable":true,"href":"https:\/\/www.lardalkantori.no\/index.php?rest_route=%2Fwp%2Fv2%2Fcomments&post=88"}],"version-history":[{"count":2,"href":"https:\/\/www.lardalkantori.no\/index.php?rest_route=\/wp\/v2\/pages\/88\/revisions"}],"predecessor-version":[{"id":2224,"href":"https:\/\/www.lardalkantori.no\/index.php?rest_route=\/wp\/v2\/pages\/88\/revisions\/2224"}],"wp:attachment":[{"href":"https:\/\/www.lardalkantori.no\/index.php?rest_route=%2Fwp%2Fv2%2Fmedia&parent=88"}],"curies":[{"name":"wp","href":"https:\/\/api.w.org\/{rel}","templated":true}]}}